{"id":840,"date":"2024-11-12T16:45:28","date_gmt":"2024-11-12T14:45:28","guid":{"rendered":"https:\/\/pakida.lt\/produktas\/uncategorized\/dpc-horizontal-insulation\/"},"modified":"2024-11-12T16:45:28","modified_gmt":"2024-11-12T14:45:28","slug":"dpc-horizontal-insulation","status":"publish","type":"product","link":"https:\/\/pakida.lt\/en\/produktas\/dpc-horizontal-insulation\/","title":{"rendered":"DPC horizontal insulation"},"content":{"rendered":"<p>Polietileno folija skirta horizontaliai dr\u0117gmei ir hidroizoliacijai bendrosiose ir pramonin\u0117se statybose. Dvipusio reljefo d\u0117ka puikiai ir pastoviai susijungia su skiediniu, neleid\u017eiant folijai jud\u0117ti.  Weight: 240 g\/m2<\/p>\n","protected":false},"excerpt":{"rendered":"<p>Polyethylene foil is intended for horizontal moisture and waterproofing in general and industrial construction. Thanks to the double-sided relief, it bonds perfectly and permanently with the mortar, preventing the foil from moving. Weight: 240 g\/m2<\/p>\n","protected":false},"featured_media":496,"comment_status":"open","ping_status":"closed","template":"","meta":{"_acf_changed":false},"product_cat":[62],"product_tag":[],"class_list":{"0":"post-840","1":"product","2":"type-product","3":"status-publish","4":"has-post-thumbnail","6":"product_cat-foundation-insulation","8":"first","9":"instock","10":"shipping-taxable","11":"product-type-simple"},"acf":[],"_links":{"self":[{"href":"https:\/\/pakida.lt\/en\/wp-json\/wp\/v2\/product\/840","targetHints":{"allow":["GET"]}}],"collection":[{"href":"https:\/\/pakida.lt\/en\/wp-json\/wp\/v2\/product"}],"about":[{"href":"https:\/\/pakida.lt\/en\/wp-json\/wp\/v2\/types\/product"}],"replies":[{"embeddable":true,"href":"https:\/\/pakida.lt\/en\/wp-json\/wp\/v2\/comments?post=840"}],"wp:featuredmedia":[{"embeddable":true,"href":"https:\/\/pakida.lt\/en\/wp-json\/wp\/v2\/media\/496"}],"wp:attachment":[{"href":"https:\/\/pakida.lt\/en\/wp-json\/wp\/v2\/media?parent=840"}],"wp:term":[{"taxonomy":"product_cat","embeddable":true,"href":"https:\/\/pakida.lt\/en\/wp-json\/wp\/v2\/product_cat?post=840"},{"taxonomy":"product_tag","embeddable":true,"href":"https:\/\/pakida.lt\/en\/wp-json\/wp\/v2\/product_tag?post=840"}],"curies":[{"name":"wp","href":"https:\/\/api.w.org\/{rel}","templated":true}]}}