{"id":837,"date":"2024-11-12T16:34:27","date_gmt":"2024-11-12T14:34:27","guid":{"rendered":"https:\/\/pakida.lt\/produktas\/uncategorized\/corotek-nordic-geostandard-500-2\/"},"modified":"2024-11-12T16:34:27","modified_gmt":"2024-11-12T14:34:27","slug":"corotek-nordic-geostandard-500-2","status":"publish","type":"product","link":"https:\/\/pakida.lt\/en\/produktas\/corotek-nordic-geostandard-500-2\/","title":{"rendered":"Corotek Nordic Geostandard 500"},"content":{"rendered":"<p>Ekstruzin\u0117 didelio tankio polietileno (HDPE) folija Skirta vertikaliai pastat\u0173 pamat\u0173, grind\u0173, perdang\u0173 ir plok\u0161\u010di\u0173 stog\u0173 izoliacijai. Embossed height: 8 mm.<\/p>\n","protected":false},"excerpt":{"rendered":"<p>Extruded high-density polyethylene (HDPE) foil. Designed for vertical insulation of building foundations, floors, ceilings and flat roofs. Embossed height: 8 mm.<\/p>\n","protected":false},"featured_media":495,"comment_status":"open","ping_status":"closed","template":"","meta":{"_acf_changed":false},"product_cat":[62],"product_tag":[],"class_list":{"0":"post-837","1":"product","2":"type-product","3":"status-publish","4":"has-post-thumbnail","6":"product_cat-foundation-insulation","8":"first","9":"instock","10":"shipping-taxable","11":"product-type-simple"},"acf":[],"_links":{"self":[{"href":"https:\/\/pakida.lt\/en\/wp-json\/wp\/v2\/product\/837","targetHints":{"allow":["GET"]}}],"collection":[{"href":"https:\/\/pakida.lt\/en\/wp-json\/wp\/v2\/product"}],"about":[{"href":"https:\/\/pakida.lt\/en\/wp-json\/wp\/v2\/types\/product"}],"replies":[{"embeddable":true,"href":"https:\/\/pakida.lt\/en\/wp-json\/wp\/v2\/comments?post=837"}],"wp:featuredmedia":[{"embeddable":true,"href":"https:\/\/pakida.lt\/en\/wp-json\/wp\/v2\/media\/495"}],"wp:attachment":[{"href":"https:\/\/pakida.lt\/en\/wp-json\/wp\/v2\/media?parent=837"}],"wp:term":[{"taxonomy":"product_cat","embeddable":true,"href":"https:\/\/pakida.lt\/en\/wp-json\/wp\/v2\/product_cat?post=837"},{"taxonomy":"product_tag","embeddable":true,"href":"https:\/\/pakida.lt\/en\/wp-json\/wp\/v2\/product_tag?post=837"}],"curies":[{"name":"wp","href":"https:\/\/api.w.org\/{rel}","templated":true}]}}