{"id":828,"date":"2024-11-12T16:12:16","date_gmt":"2024-11-12T14:12:16","guid":{"rendered":"https:\/\/pakida.lt\/produktas\/uncategorized\/alu-110-vapor-barrier-foil\/"},"modified":"2024-11-12T16:12:16","modified_gmt":"2024-11-12T14:12:16","slug":"alu-110-vapor-barrier-foil","status":"publish","type":"product","link":"https:\/\/pakida.lt\/en\/produktas\/alu-110-vapor-barrier-foil\/","title":{"rendered":"Alu 110 Vapor barrier foil"},"content":{"rendered":"<p>The vapor barrier foil is made of polyethylene, reinforced with polypropylene mesh, and metallized with an aluminum layer. Thanks to the metallized layer, it reflects thermal energy and enhances the insulation effect.<\/p>\n","protected":false},"excerpt":{"rendered":"<p>The vapor barrier foil is made of polyethylene, reinforced with polypropylene mesh, and metallized with an aluminum layer. Thanks to the metallized layer, it reflects thermal energy and enhances the insulation effect.Gar\u0173 barjerin\u0117 folija pagaminta i\u0161 polietileno, sustiprinta polipropileno tinkleliu, metalizuota aliuminio sluoksniu. Metalizuoto sluoksnio d\u0117ka jis atspindi \u0161ilumin\u0119 energij\u0105 ir sustiprina izoliacijos efekt\u0105. <\/p>\n","protected":false},"featured_media":494,"comment_status":"open","ping_status":"closed","template":"","meta":{"_acf_changed":false},"product_cat":[58],"product_tag":[],"class_list":{"0":"post-828","1":"product","2":"type-product","3":"status-publish","4":"has-post-thumbnail","6":"product_cat-vapor-barrier-foils","8":"first","9":"instock","10":"shipping-taxable","11":"product-type-simple"},"acf":[],"_links":{"self":[{"href":"https:\/\/pakida.lt\/en\/wp-json\/wp\/v2\/product\/828","targetHints":{"allow":["GET"]}}],"collection":[{"href":"https:\/\/pakida.lt\/en\/wp-json\/wp\/v2\/product"}],"about":[{"href":"https:\/\/pakida.lt\/en\/wp-json\/wp\/v2\/types\/product"}],"replies":[{"embeddable":true,"href":"https:\/\/pakida.lt\/en\/wp-json\/wp\/v2\/comments?post=828"}],"wp:featuredmedia":[{"embeddable":true,"href":"https:\/\/pakida.lt\/en\/wp-json\/wp\/v2\/media\/494"}],"wp:attachment":[{"href":"https:\/\/pakida.lt\/en\/wp-json\/wp\/v2\/media?parent=828"}],"wp:term":[{"taxonomy":"product_cat","embeddable":true,"href":"https:\/\/pakida.lt\/en\/wp-json\/wp\/v2\/product_cat?post=828"},{"taxonomy":"product_tag","embeddable":true,"href":"https:\/\/pakida.lt\/en\/wp-json\/wp\/v2\/product_tag?post=828"}],"curies":[{"name":"wp","href":"https:\/\/api.w.org\/{rel}","templated":true}]}}